{"id":237,"date":"2025-09-01T17:09:19","date_gmt":"2025-09-01T22:09:19","guid":{"rendered":"https:\/\/www.lms.uni.edu.pe\/?page_id=237"},"modified":"2025-09-02T12:53:48","modified_gmt":"2025-09-02T17:53:48","slug":"organizacion","status":"publish","type":"page","link":"https:\/\/www.lms.uni.edu.pe\/index.php\/organizacion\/","title":{"rendered":"ORGANIZACI\u00d3N"},"content":{"rendered":"<h4><strong><span style=\"color: #19abd4;\">Misi\u00f3n\u00a0<\/span><\/strong><\/h4>\n<p style=\"text-align: justify;\"><span style=\"color: #000000;\">Participar activamente en la formaci\u00f3n acad\u00e9mica de los estudiantes UNI, apoyo en desarrollo de tesis y trabajos de investigaci\u00f3n. Contribuir en el desarrollo de obras y proyectos, brindando servicios confiables y de calidad a la industria de la construcci\u00f3n, con personal t\u00e9cnico calificado, cumpliendo normas t\u00e9cnicas, confidencialidad en los datos de nuestros clientes y desempe\u00f1o regido por la \u00e9tica.<\/span><\/p>\n<h4><strong><span style=\"color: #19abd4;\">Visi\u00f3n<\/span><\/strong><\/h4>\n<p style=\"text-align: justify;\"><span style=\"color: #000000;\">Que la excelencia en nuestros procesos contribuya a ser reconocidos como un laboratorio l\u00edder en nuestra especialidad, y que la credibilidad de nuestros resultados permita adoptar soluciones t\u00e9cnicas y econ\u00f3micas en beneficio de la sociedad.<\/span><\/p>\n<h4><strong><span style=\"color: #19abd4;\">Valores<\/span><\/strong><\/h4>\n<p style=\"padding-left: 40px; text-align: justify;\"><span style=\"color: #000000;\"><strong>Compromiso: <\/strong>En el logro de los objetivos del LMS y de la instituci\u00f3n.<\/span><br \/>\n<span style=\"color: #000000;\"><strong>\u00c9tica: <\/strong>En el desempe\u00f1o de nuestras actividades y en las relaciones con personas e instituciones.<\/span><br \/>\n<span style=\"color: #000000;\"><strong>Credibilidad:<\/strong>\u00a0En la correcta aplicaci\u00f3n de procedimientos y normas t\u00e9cnicas de ensayos para brindar resultados confiables.<\/span><br \/>\n<span style=\"color: #000000;\"><strong>Calidad: <\/strong>En la b\u00fasqueda permanente de la excelencia en nuestros procesos, para una mejor atenci\u00f3n a nuestros clientes.<\/span><br \/>\n<span style=\"color: #000000;\"><strong>Trabajo en equipo:<\/strong> Coordinaci\u00f3n y comunicaci\u00f3n entre nuestros colaboradores para el cumplimiento de nuestros objetivos.<\/span><br \/>\n<span style=\"color: #000000;\"><strong>Vocaci\u00f3n de servicio<\/strong>: En la formaci\u00f3n acad\u00e9mica de los alumnos de nuestra instituci\u00f3n y en la atenci\u00f3n a nuestros clientes externos.<\/span><\/p>\n<p style=\"padding-left: 40px; text-align: justify;\"><strong><span style=\"color: #19abd4;\">\u00a0 \u00a0 \u00a0 \u00a0 \u00a0 \u00a0 \u00a0 \u00a0 \u00a0Servicios\u00a0 \u00a0 \u00a0 \u00a0 \u00a0 \u00a0 \u00a0 \u00a0 \u00a0 \u00a0 \u00a0 \u00a0 \u00a0 \u00a0 \u00a0 \u00a0 \u00a0 \u00a0 \u00a0 \u00a0 \u00a0 \u00a0 \u00a0 \u00a0 \u00a0 \u00a0 \u00a0 \u00a0 \u00a0<\/span><\/strong><strong><span style=\"color: #19abd4;\">Actividades Acad\u00e9micas\u00a0 \u00a0 \u00a0 \u00a0 \u00a0 \u00a0 \u00a0 \u00a0 \u00a0 \u00a0 \u00a0 \u00a0 \u00a0 \u00a0 \u00a0 \u00a0 \u00a0 \u00a0 \u00a0<\/span><\/strong><\/p>\n<p>\u00a0 \u00a0<img data-opt-id=783213558  fetchpriority=\"high\" decoding=\"async\" class=\"alignnone wp-image-296\" src=\"https:\/\/ml3bi8dxcuz9.i.optimole.com\/w:280\/h:300\/q:mauto\/ig:avif\/https:\/\/www.lms.uni.edu.pe\/wp-content\/uploads\/2025\/09\/12.jpg\" alt=\"\" width=\"280\" height=\"300\" \/>\u00a0 \u00a0 \u00a0 \u00a0 \u00a0 <img data-opt-id=182894136  fetchpriority=\"high\" decoding=\"async\" class=\"alignnone wp-image-299\" src=\"https:\/\/ml3bi8dxcuz9.i.optimole.com\/w:300\/h:201\/q:mauto\/ig:avif\/https:\/\/www.lms.uni.edu.pe\/wp-content\/uploads\/2025\/09\/WhatsApp-Image-2025-09-02-at-12.46.53-PM.jpeg\" alt=\"\" width=\"444\" height=\"298\" srcset=\"https:\/\/ml3bi8dxcuz9.i.optimole.com\/w:300\/h:201\/q:mauto\/ig:avif\/https:\/\/www.lms.uni.edu.pe\/wp-content\/uploads\/2025\/09\/WhatsApp-Image-2025-09-02-at-12.46.53-PM.jpeg 300w, https:\/\/ml3bi8dxcuz9.i.optimole.com\/w:638\/h:428\/q:mauto\/ig:avif\/https:\/\/www.lms.uni.edu.pe\/wp-content\/uploads\/2025\/09\/WhatsApp-Image-2025-09-02-at-12.46.53-PM.jpeg 638w\" sizes=\"(max-width: 444px) 100vw, 444px\" \/><\/p>\n<p>&nbsp;<\/p>\n","protected":false},"excerpt":{"rendered":"<p>Misi\u00f3n\u00a0 Participar activamente en la formaci\u00f3n acad\u00e9mica de los estudiantes UNI, apoyo en desarrollo de tesis y trabajos de investigaci\u00f3n. Contribuir en el desarrollo de obras y proyectos, brindando servicios confiables y de calidad a la industria de la construcci\u00f3n, con personal t\u00e9cnico calificado,&#8230;<\/p>\n","protected":false},"author":1,"featured_media":0,"parent":0,"menu_order":0,"comment_status":"closed","ping_status":"closed","template":"","meta":{"footnotes":""},"class_list":["post-237","page","type-page","status-publish","hentry"],"_links":{"self":[{"href":"https:\/\/www.lms.uni.edu.pe\/index.php\/wp-json\/wp\/v2\/pages\/237","targetHints":{"allow":["GET"]}}],"collection":[{"href":"https:\/\/www.lms.uni.edu.pe\/index.php\/wp-json\/wp\/v2\/pages"}],"about":[{"href":"https:\/\/www.lms.uni.edu.pe\/index.php\/wp-json\/wp\/v2\/types\/page"}],"author":[{"embeddable":true,"href":"https:\/\/www.lms.uni.edu.pe\/index.php\/wp-json\/wp\/v2\/users\/1"}],"replies":[{"embeddable":true,"href":"https:\/\/www.lms.uni.edu.pe\/index.php\/wp-json\/wp\/v2\/comments?post=237"}],"version-history":[{"count":3,"href":"https:\/\/www.lms.uni.edu.pe\/index.php\/wp-json\/wp\/v2\/pages\/237\/revisions"}],"predecessor-version":[{"id":300,"href":"https:\/\/www.lms.uni.edu.pe\/index.php\/wp-json\/wp\/v2\/pages\/237\/revisions\/300"}],"wp:attachment":[{"href":"https:\/\/www.lms.uni.edu.pe\/index.php\/wp-json\/wp\/v2\/media?parent=237"}],"curies":[{"name":"wp","href":"https:\/\/api.w.org\/{rel}","templated":true}]}}