{"id":43,"date":"2023-05-13T11:49:31","date_gmt":"2023-05-13T16:49:31","guid":{"rendered":"https:\/\/www.lms.uni.edu.pe\/?page_id=43"},"modified":"2025-09-09T11:34:36","modified_gmt":"2025-09-09T16:34:36","slug":"jefatura","status":"publish","type":"page","link":"https:\/\/www.lms.uni.edu.pe\/index.php\/jefatura\/","title":{"rendered":"JEFATURA"},"content":{"rendered":"<h5 style=\"text-align: center;\"><span style=\"color: #19abd4;\"><strong>PRESENTACI\u00d3N GENERAL<\/strong><\/span><\/h5>\n<p style=\"text-align: justify;\"><span style=\"color: #000000;\">El Laboratorio N\u00b02 Mec\u00e1nica de Suelos de la Universidad Nacional de Ingenier\u00eda, cumple un rol fundamental en el \u00e1mbito acad\u00e9mico brindando <strong>apoyo a estudiantes, tesistas<\/strong> y desarrollo de <strong>investigaciones cient\u00edficas que contribuyen con el avance de la ingenier\u00eda <\/strong>geot\u00e9cnica en el pa\u00eds.<\/span><\/p>\n<p style=\"text-align: justify;\"><span style=\"color: #000000;\">El conocimiento especializado de nuestro equipo nos permite ofrecer servicios t\u00e9cnicos a empresas y entidades p\u00fablicas para obras y proyectos en diversas regiones del Per\u00fa. Realizamos ensayos geot\u00e9cnicos para cimentaciones y obras viales, evaluaciones de agregados, mezclas asf\u00e1lticas, rocas y otros materiales, as\u00ed como estudios geot\u00e9cnicos espec\u00edficos y ensayos destinados a peritajes solicitados por diferentes instituciones. Todos nuestros procesos se realizan bajo los m\u00e1s altos est\u00e1ndares de calidad y en estricto cumplimiento de normas t\u00e9cnicas, garantizando un servicio confiable acorde con el prestigio de nuestra universidad.\u00a0<\/span><\/p>\n<p style=\"text-align: justify;\"><span style=\"color: #000000;\">En agosto de 2025 iniciamos una nueva etapa en la direcci\u00f3n de este laboratorio, contamos con un equipo renovado de profesionales de amplia experiencia, t\u00e9cnicos altamente calificados y un personal administrativo comprometido con una atenci\u00f3n cordial y eficiente. Tenemos el compromiso de poner a su disposici\u00f3n un excelente servicio, orientaci\u00f3n personalizada, cumplimiento de los plazos acordados, siempre con la confidencialidad que sus proyectos requieren. Los invitamos a confiar en nosotros, como aliados estrat\u00e9gicos para el \u00e9xito de sus proyectos, obras e investigaciones.\u00a0<\/span><\/p>\n<p style=\"text-align: center;\"><img data-opt-id=933187572  fetchpriority=\"high\" decoding=\"async\" class=\" wp-image-330 aligncenter\" src=\"https:\/\/ml3bi8dxcuz9.i.optimole.com\/w:300\/h:300\/q:mauto\/ig:avif\/https:\/\/www.lms.uni.edu.pe\/wp-content\/uploads\/2025\/09\/WhatsApp-Image-2025-09-07-at-9.34.44-PM.jpeg\" alt=\"\" width=\"343\" height=\"343\" srcset=\"https:\/\/ml3bi8dxcuz9.i.optimole.com\/w:300\/h:300\/q:mauto\/ig:avif\/https:\/\/www.lms.uni.edu.pe\/wp-content\/uploads\/2025\/09\/WhatsApp-Image-2025-09-07-at-9.34.44-PM.jpeg 300w, https:\/\/ml3bi8dxcuz9.i.optimole.com\/w:150\/h:150\/q:mauto\/ig:avif\/https:\/\/www.lms.uni.edu.pe\/wp-content\/uploads\/2025\/09\/WhatsApp-Image-2025-09-07-at-9.34.44-PM.jpeg 150w, https:\/\/ml3bi8dxcuz9.i.optimole.com\/w:768\/h:768\/q:mauto\/ig:avif\/https:\/\/www.lms.uni.edu.pe\/wp-content\/uploads\/2025\/09\/WhatsApp-Image-2025-09-07-at-9.34.44-PM.jpeg 768w, https:\/\/ml3bi8dxcuz9.i.optimole.com\/w:640\/h:640\/q:mauto\/ig:avif\/https:\/\/www.lms.uni.edu.pe\/wp-content\/uploads\/2025\/09\/WhatsApp-Image-2025-09-07-at-9.34.44-PM.jpeg 640w, https:\/\/ml3bi8dxcuz9.i.optimole.com\/w:800\/h:800\/q:mauto\/ig:avif\/https:\/\/www.lms.uni.edu.pe\/wp-content\/uploads\/2025\/09\/WhatsApp-Image-2025-09-07-at-9.34.44-PM.jpeg 800w\" sizes=\"(max-width: 343px) 100vw, 343px\" \/><br \/>\n<span style=\"color: #000000;\"><strong>MSc. Ing. Luisa Shuan Lucas<\/strong><\/span><br \/>\n<span style=\"color: #000000;\"><strong>Jefa (e) del Laboratorio N\u00b0 2 Mec\u00e1nica de Suelos UNI-FIC<\/strong><\/span><br \/>\n<span style=\"text-decoration: underline; color: #000000;\"><strong><a style=\"color: #000000; text-decoration: underline;\" href=\"https:\/\/ctivitae.concytec.gob.pe\/appDirectorioCTI\/VerDatosInvestigador.do?id_investigador=105415\" target=\"_blank\" rel=\"noopener\">? CTI &#8211; VITAE ?<\/a><\/strong><\/span><\/p>\n","protected":false},"excerpt":{"rendered":"<p>PRESENTACI\u00d3N GENERAL El Laboratorio N\u00b02 Mec\u00e1nica de Suelos de la Universidad Nacional de Ingenier\u00eda, cumple un rol fundamental en el \u00e1mbito acad\u00e9mico brindando apoyo a estudiantes, tesistas y desarrollo de investigaciones cient\u00edficas que contribuyen con el avance de la ingenier\u00eda geot\u00e9cnica en el pa\u00eds&#8230;.<\/p>\n","protected":false},"author":1,"featured_media":0,"parent":0,"menu_order":0,"comment_status":"closed","ping_status":"closed","template":"template-full.php","meta":{"footnotes":""},"class_list":["post-43","page","type-page","status-publish","hentry"],"_links":{"self":[{"href":"https:\/\/www.lms.uni.edu.pe\/index.php\/wp-json\/wp\/v2\/pages\/43","targetHints":{"allow":["GET"]}}],"collection":[{"href":"https:\/\/www.lms.uni.edu.pe\/index.php\/wp-json\/wp\/v2\/pages"}],"about":[{"href":"https:\/\/www.lms.uni.edu.pe\/index.php\/wp-json\/wp\/v2\/types\/page"}],"author":[{"embeddable":true,"href":"https:\/\/www.lms.uni.edu.pe\/index.php\/wp-json\/wp\/v2\/users\/1"}],"replies":[{"embeddable":true,"href":"https:\/\/www.lms.uni.edu.pe\/index.php\/wp-json\/wp\/v2\/comments?post=43"}],"version-history":[{"count":24,"href":"https:\/\/www.lms.uni.edu.pe\/index.php\/wp-json\/wp\/v2\/pages\/43\/revisions"}],"predecessor-version":[{"id":357,"href":"https:\/\/www.lms.uni.edu.pe\/index.php\/wp-json\/wp\/v2\/pages\/43\/revisions\/357"}],"wp:attachment":[{"href":"https:\/\/www.lms.uni.edu.pe\/index.php\/wp-json\/wp\/v2\/media?parent=43"}],"curies":[{"name":"wp","href":"https:\/\/api.w.org\/{rel}","templated":true}]}}